{"id":2159,"date":"2022-11-28T08:40:38","date_gmt":"2022-11-28T07:40:38","guid":{"rendered":"https:\/\/kinesitherapie-buchet.be\/?page_id=2159"},"modified":"2024-04-10T08:41:49","modified_gmt":"2024-04-10T06:41:49","slug":"actualites","status":"publish","type":"page","link":"https:\/\/kinesitherapie-buchet.be\/index.php\/actualites\/","title":{"rendered":"Actualit\u00e9s"},"content":{"rendered":"\t\t<div data-elementor-type=\"wp-page\" data-elementor-id=\"2159\" class=\"elementor elementor-2159\" data-elementor-post-type=\"page\">\n\t\t\t\t\t\t<section class=\"elementor-section elementor-top-section elementor-element elementor-element-bde76e4 elementor-section-boxed elementor-section-height-default elementor-section-height-default\" data-id=\"bde76e4\" data-element_type=\"section\" data-e-type=\"section\">\n\t\t\t\t\t\t<div class=\"elementor-container elementor-column-gap-default\">\n\t\t\t\t\t<div class=\"elementor-column elementor-col-100 elementor-top-column elementor-element elementor-element-ab88d20\" data-id=\"ab88d20\" data-element_type=\"column\" data-e-type=\"column\" data-settings=\"{&quot;background_background&quot;:&quot;classic&quot;}\">\n\t\t\t<div class=\"elementor-widget-wrap elementor-element-populated\">\n\t\t\t\t\t\t<section class=\"elementor-section elementor-inner-section elementor-element elementor-element-d34c058 elementor-section-boxed elementor-section-height-default elementor-section-height-default\" data-id=\"d34c058\" data-element_type=\"section\" data-e-type=\"section\">\n\t\t\t\t\t\t<div class=\"elementor-container elementor-column-gap-default\">\n\t\t\t\t\t<div class=\"elementor-column elementor-col-100 elementor-inner-column elementor-element elementor-element-1f63acc\" data-id=\"1f63acc\" data-element_type=\"column\" data-e-type=\"column\" data-settings=\"{&quot;background_background&quot;:&quot;classic&quot;}\">\n\t\t\t<div class=\"elementor-widget-wrap elementor-element-populated\">\n\t\t\t\t\t\t<div class=\"elementor-element elementor-element-ef71da4 elementor-widget elementor-widget-text-editor\" data-id=\"ef71da4\" data-element_type=\"widget\" data-e-type=\"widget\" data-widget_type=\"text-editor.default\">\n\t\t\t\t<div class=\"elementor-widget-container\">\n\t\t\t\t\t\t\t\t\t<p>Actualit\u00e9s<\/p>\t\t\t\t\t\t\t\t<\/div>\n\t\t\t\t<\/div>\n\t\t\t\t\t<\/div>\n\t\t<\/div>\n\t\t\t\t\t<\/div>\n\t\t<\/section>\n\t\t\t\t\t<\/div>\n\t\t<\/div>\n\t\t\t\t\t<\/div>\n\t\t<\/section>\n\t\t\t\t<section class=\"elementor-section elementor-top-section elementor-element elementor-element-71c4644 elementor-section-boxed elementor-section-height-default elementor-section-height-default\" data-id=\"71c4644\" data-element_type=\"section\" data-e-type=\"section\">\n\t\t\t\t\t\t<div class=\"elementor-container elementor-column-gap-default\">\n\t\t\t\t\t<div class=\"elementor-column elementor-col-100 elementor-top-column elementor-element elementor-element-6132a45\" data-id=\"6132a45\" data-element_type=\"column\" data-e-type=\"column\">\n\t\t\t<div class=\"elementor-widget-wrap elementor-element-populated\">\n\t\t\t\t\t\t<div class=\"elementor-element elementor-element-01fbaf9 elementor-widget__width-initial elementor-widget elementor-widget-wp-widget-categories\" data-id=\"01fbaf9\" data-element_type=\"widget\" data-e-type=\"widget\" data-widget_type=\"wp-widget-categories.default\">\n\t\t\t\t<div class=\"elementor-widget-container\">\n\t\t\t\t\t<h5>Filtrez<\/h5><form action=\"https:\/\/kinesitherapie-buchet.be\" method=\"get\"><label class=\"screen-reader-text\" for=\"cat\">Filtrez<\/label><select  name='cat' id='cat' class='postform'>\n\t<option value='-1'>S\u00e9lectionner une cat\u00e9gorie<\/option>\n\t<option class=\"level-0\" value=\"21\">A la une&nbsp;&nbsp;(3)<\/option>\n\t<option class=\"level-0\" value=\"20\">Kin\u00e9sith\u00e9rapie&nbsp;&nbsp;(2)<\/option>\n\t<option class=\"level-0\" value=\"1\">Non class\u00e9&nbsp;&nbsp;(1)<\/option>\n\t<option class=\"level-0\" value=\"9\">Nutrition&nbsp;&nbsp;(2)<\/option>\n\t<option class=\"level-0\" value=\"23\">Ost\u00e9opathie&nbsp;&nbsp;(11)<\/option>\n\t<option class=\"level-1\" value=\"26\">&nbsp;&nbsp;&nbsp;Ost\u00e9opathie p\u00e9diatrique&nbsp;&nbsp;(4)<\/option>\n<\/select>\n<\/form><script>\n( ( dropdownId ) => {\n\tconst dropdown = document.getElementById( dropdownId );\n\tfunction onSelectChange() {\n\t\tsetTimeout( () => {\n\t\t\tif ( 'escape' === dropdown.dataset.lastkey ) {\n\t\t\t\treturn;\n\t\t\t}\n\t\t\tif ( dropdown.value && parseInt( dropdown.value ) > 0 && dropdown instanceof HTMLSelectElement ) {\n\t\t\t\tdropdown.parentElement.submit();\n\t\t\t}\n\t\t}, 250 );\n\t}\n\tfunction onKeyUp( event ) {\n\t\tif ( 'Escape' === event.key ) {\n\t\t\tdropdown.dataset.lastkey = 'escape';\n\t\t} else {\n\t\t\tdelete dropdown.dataset.lastkey;\n\t\t}\n\t}\n\tfunction onClick() {\n\t\tdelete dropdown.dataset.lastkey;\n\t}\n\tdropdown.addEventListener( 'keyup', onKeyUp );\n\tdropdown.addEventListener( 'click', onClick );\n\tdropdown.addEventListener( 'change', onSelectChange );\n})( \"cat\" );\n\n\/\/# sourceURL=WP_Widget_Categories%3A%3Awidget\n<\/script>\n\t\t\t\t<\/div>\n\t\t\t\t<\/div>\n\t\t\t\t<div class=\"elementor-element elementor-element-2956e97 elementor-grid-3 elementor-grid-tablet-2 elementor-grid-mobile-1 elementor-posts--thumbnail-top elementor-card-shadow-yes elementor-posts__hover-gradient elementor-widget elementor-widget-posts\" data-id=\"2956e97\" data-element_type=\"widget\" data-e-type=\"widget\" data-settings=\"{&quot;pagination_type&quot;:&quot;numbers_and_prev_next&quot;,&quot;cards_columns&quot;:&quot;3&quot;,&quot;cards_columns_tablet&quot;:&quot;2&quot;,&quot;cards_columns_mobile&quot;:&quot;1&quot;,&quot;cards_row_gap&quot;:{&quot;unit&quot;:&quot;px&quot;,&quot;size&quot;:35,&quot;sizes&quot;:[]},&quot;cards_row_gap_tablet&quot;:{&quot;unit&quot;:&quot;px&quot;,&quot;size&quot;:&quot;&quot;,&quot;sizes&quot;:[]},&quot;cards_row_gap_mobile&quot;:{&quot;unit&quot;:&quot;px&quot;,&quot;size&quot;:&quot;&quot;,&quot;sizes&quot;:[]}}\" data-widget_type=\"posts.cards\">\n\t\t\t\t<div class=\"elementor-widget-container\">\n\t\t\t\t\t\t\t<div class=\"elementor-posts-container elementor-posts elementor-posts--skin-cards elementor-grid\" role=\"list\">\n\t\t\t\t<article class=\"elementor-post elementor-grid-item post-3843 post type-post status-publish format-standard has-post-thumbnail hentry category-a-la-une category-osteopathie\" role=\"listitem\">\n\t\t\t<div class=\"elementor-post__card\">\n\t\t\t\t<a class=\"elementor-post__thumbnail__link\" href=\"https:\/\/kinesitherapie-buchet.be\/index.php\/2026\/01\/06\/osteopathie-demelons-le-vrai-du-faux\/\" tabindex=\"-1\" ><div class=\"elementor-post__thumbnail\"><img fetchpriority=\"high\" decoding=\"async\" width=\"800\" height=\"671\" src=\"https:\/\/kinesitherapie-buchet.be\/wp-content\/uploads\/2026\/01\/Vrai-Faux.png\" class=\"attachment-large size-large wp-image-3844\" alt=\"\" srcset=\"https:\/\/kinesitherapie-buchet.be\/wp-content\/uploads\/2026\/01\/Vrai-Faux.png 940w, https:\/\/kinesitherapie-buchet.be\/wp-content\/uploads\/2026\/01\/Vrai-Faux-300x251.png 300w, https:\/\/kinesitherapie-buchet.be\/wp-content\/uploads\/2026\/01\/Vrai-Faux-768x644.png 768w\" sizes=\"(max-width: 800px) 100vw, 800px\" \/><\/div><\/a>\n\t\t\t\t<div class=\"elementor-post__badge\">A la une<\/div>\n\t\t\t\t<div class=\"elementor-post__text\">\n\t\t\t\t<h3 class=\"elementor-post__title\">\n\t\t\t<a href=\"https:\/\/kinesitherapie-buchet.be\/index.php\/2026\/01\/06\/osteopathie-demelons-le-vrai-du-faux\/\" >\n\t\t\t\tOst\u00e9opathie, d\u00e9m\u00ealons le vrai du faux\t\t\t<\/a>\n\t\t<\/h3>\n\t\t\t\t<div class=\"elementor-post__excerpt\">\n\t\t\t<p>L\u2019ost\u00e9opathie souffre encore de nombreuses id\u00e9es re\u00e7ues. Voici quelques-unes des plus fr\u00e9quentes, expliqu\u00e9es simplement. \u201cL\u2019ost\u00e9opathe fait craquer les os.\u201d R\u00e9alit\u00e9 : un ph\u00e9nom\u00e8ne physique, pas un os qui bougeLe bruit parfois entendu s\u2019appelle une cavitation : c\u2019est la lib\u00e9ration de gaz dans une articulation, comparable \u00e0 une bulle qui \u00e9clate. Aucun os ne se d\u00e9place, rien ne \u201cse remet en<\/p>\n\t\t<\/div>\n\t\t\t\t\t<div class=\"elementor-post__read-more-wrapper\">\n\t\t\n\t\t<a class=\"elementor-post__read-more\" href=\"https:\/\/kinesitherapie-buchet.be\/index.php\/2026\/01\/06\/osteopathie-demelons-le-vrai-du-faux\/\" aria-label=\"En savoir plus sur Ost\u00e9opathie, d\u00e9m\u00ealons le vrai du faux\" tabindex=\"-1\" >\n\t\t\tLire l'article...\t\t<\/a>\n\n\t\t\t\t\t<\/div>\n\t\t\t\t<\/div>\n\t\t\t\t<div class=\"elementor-post__meta-data\">\n\t\t\t\t\t<span class=\"elementor-post-author\">\n\t\t\tAdmBuchet\t\t<\/span>\n\t\t\t\t<span class=\"elementor-post-date\">\n\t\t\t6 janvier 2026\t\t<\/span>\n\t\t\t\t<\/div>\n\t\t\t\t\t<\/div>\n\t\t<\/article>\n\t\t\t\t<article class=\"elementor-post elementor-grid-item post-3827 post type-post status-publish format-standard has-post-thumbnail hentry category-a-la-une category-osteopathie\" role=\"listitem\">\n\t\t\t<div class=\"elementor-post__card\">\n\t\t\t\t<a class=\"elementor-post__thumbnail__link\" href=\"https:\/\/kinesitherapie-buchet.be\/index.php\/2025\/04\/03\/mon-osteopathe-me-fait-craquer\/\" tabindex=\"-1\" ><div class=\"elementor-post__thumbnail\"><img decoding=\"async\" width=\"724\" height=\"1024\" src=\"https:\/\/kinesitherapie-buchet.be\/wp-content\/uploads\/2025\/04\/Craque-724x1024.png\" class=\"attachment-large size-large wp-image-3831\" alt=\"\" srcset=\"https:\/\/kinesitherapie-buchet.be\/wp-content\/uploads\/2025\/04\/Craque-724x1024.png 724w, https:\/\/kinesitherapie-buchet.be\/wp-content\/uploads\/2025\/04\/Craque-212x300.png 212w, https:\/\/kinesitherapie-buchet.be\/wp-content\/uploads\/2025\/04\/Craque-768x1086.png 768w, https:\/\/kinesitherapie-buchet.be\/wp-content\/uploads\/2025\/04\/Craque-1086x1536.png 1086w, https:\/\/kinesitherapie-buchet.be\/wp-content\/uploads\/2025\/04\/Craque.png 1414w\" sizes=\"(max-width: 724px) 100vw, 724px\" \/><\/div><\/a>\n\t\t\t\t<div class=\"elementor-post__badge\">A la une<\/div>\n\t\t\t\t<div class=\"elementor-post__text\">\n\t\t\t\t<h3 class=\"elementor-post__title\">\n\t\t\t<a href=\"https:\/\/kinesitherapie-buchet.be\/index.php\/2025\/04\/03\/mon-osteopathe-me-fait-craquer\/\" >\n\t\t\t\tMon ost\u00e9opathe me fait craquer !\t\t\t<\/a>\n\t\t<\/h3>\n\t\t\t\t<div class=\"elementor-post__excerpt\">\n\t\t\t<p>Le \u00ab crack \u00bb entendu lors d&rsquo;une s\u00e9ance d&rsquo;ost\u00e9opathie suscite souvent curiosit\u00e9 et interrogations. Ce bruit, bien que surprenant, est en r\u00e9alit\u00e9 un ph\u00e9nom\u00e8ne naturel et g\u00e9n\u00e9ralement sans danger.<\/p>\t\t<\/div>\n\t\t\t\t\t<div class=\"elementor-post__read-more-wrapper\">\n\t\t\n\t\t<a class=\"elementor-post__read-more\" href=\"https:\/\/kinesitherapie-buchet.be\/index.php\/2025\/04\/03\/mon-osteopathe-me-fait-craquer\/\" aria-label=\"En savoir plus sur Mon ost\u00e9opathe me fait craquer !\" tabindex=\"-1\" >\n\t\t\tLire l'article...\t\t<\/a>\n\n\t\t\t\t\t<\/div>\n\t\t\t\t<\/div>\n\t\t\t\t<div class=\"elementor-post__meta-data\">\n\t\t\t\t\t<span class=\"elementor-post-author\">\n\t\t\tAdmBuchet\t\t<\/span>\n\t\t\t\t<span class=\"elementor-post-date\">\n\t\t\t3 avril 2025\t\t<\/span>\n\t\t\t\t<\/div>\n\t\t\t\t\t<\/div>\n\t\t<\/article>\n\t\t\t\t<article class=\"elementor-post elementor-grid-item post-3804 post type-post status-publish format-standard has-post-thumbnail hentry category-a-la-une category-osteopathie\" role=\"listitem\">\n\t\t\t<div class=\"elementor-post__card\">\n\t\t\t\t<a class=\"elementor-post__thumbnail__link\" href=\"https:\/\/kinesitherapie-buchet.be\/index.php\/2024\/12\/03\/bebe-tient-deja-sa-tete-2\/\" tabindex=\"-1\" ><div class=\"elementor-post__thumbnail\"><img decoding=\"async\" width=\"800\" height=\"534\" src=\"https:\/\/kinesitherapie-buchet.be\/wp-content\/uploads\/2024\/12\/Viscerale-1-1024x683.jpeg\" class=\"attachment-large size-large wp-image-3816\" alt=\"\" srcset=\"https:\/\/kinesitherapie-buchet.be\/wp-content\/uploads\/2024\/12\/Viscerale-1-1024x683.jpeg 1024w, https:\/\/kinesitherapie-buchet.be\/wp-content\/uploads\/2024\/12\/Viscerale-1-300x200.jpeg 300w, https:\/\/kinesitherapie-buchet.be\/wp-content\/uploads\/2024\/12\/Viscerale-1-768x512.jpeg 768w, https:\/\/kinesitherapie-buchet.be\/wp-content\/uploads\/2024\/12\/Viscerale-1-1536x1024.jpeg 1536w, https:\/\/kinesitherapie-buchet.be\/wp-content\/uploads\/2024\/12\/Viscerale-1-2048x1365.jpeg 2048w\" sizes=\"(max-width: 800px) 100vw, 800px\" \/><\/div><\/a>\n\t\t\t\t<div class=\"elementor-post__badge\">A la une<\/div>\n\t\t\t\t<div class=\"elementor-post__text\">\n\t\t\t\t<h3 class=\"elementor-post__title\">\n\t\t\t<a href=\"https:\/\/kinesitherapie-buchet.be\/index.php\/2024\/12\/03\/bebe-tient-deja-sa-tete-2\/\" >\n\t\t\t\tL&rsquo;ost\u00e9opathie visc\u00e9rale\t\t\t<\/a>\n\t\t<\/h3>\n\t\t\t\t<div class=\"elementor-post__excerpt\">\n\t\t\t<p>\ud83d\udc50 L&rsquo;ost\u00e9opathie visc\u00e9rale, c&rsquo;est quoi ? \ud83e\udd14On entend souvent parler de l&rsquo;ost\u00e9opathie pour les douleurs musculaires ou articulaires, mais saviez-vous que l&rsquo;ost\u00e9opathie peut aussi occuper de vos organes internes ? C&rsquo;est ce qu&rsquo;on appelle l&rsquo;ost\u00e9opathie visc\u00e9rale ! \ud83d\udca1 C&rsquo;est quoi au juste ? L&rsquo;ost\u00e9opathie visc\u00e9rale s&rsquo;int\u00e9resse aux organes internes. \ud83d\udc49 Comment \u00e7a fonctionne ? L&rsquo;ost\u00e9opathe va utiliser des techniques douces<\/p>\n\t\t<\/div>\n\t\t\t\t\t<div class=\"elementor-post__read-more-wrapper\">\n\t\t\n\t\t<a class=\"elementor-post__read-more\" href=\"https:\/\/kinesitherapie-buchet.be\/index.php\/2024\/12\/03\/bebe-tient-deja-sa-tete-2\/\" aria-label=\"En savoir plus sur L&rsquo;ost\u00e9opathie visc\u00e9rale\" tabindex=\"-1\" >\n\t\t\tLire l'article...\t\t<\/a>\n\n\t\t\t\t\t<\/div>\n\t\t\t\t<\/div>\n\t\t\t\t<div class=\"elementor-post__meta-data\">\n\t\t\t\t\t<span class=\"elementor-post-author\">\n\t\t\tAdmBuchet\t\t<\/span>\n\t\t\t\t<span class=\"elementor-post-date\">\n\t\t\t3 d\u00e9cembre 2024\t\t<\/span>\n\t\t\t\t<\/div>\n\t\t\t\t\t<\/div>\n\t\t<\/article>\n\t\t\t\t<article class=\"elementor-post elementor-grid-item post-3793 post type-post status-publish format-standard has-post-thumbnail hentry category-osteopathie category-osteopathie-pediatrique\" role=\"listitem\">\n\t\t\t<div class=\"elementor-post__card\">\n\t\t\t\t<a class=\"elementor-post__thumbnail__link\" href=\"https:\/\/kinesitherapie-buchet.be\/index.php\/2024\/08\/21\/bebe-tient-deja-sa-tete\/\" tabindex=\"-1\" ><div class=\"elementor-post__thumbnail\"><img loading=\"lazy\" decoding=\"async\" width=\"800\" height=\"671\" src=\"https:\/\/kinesitherapie-buchet.be\/wp-content\/uploads\/2024\/08\/Bebe-tient-sa-tete-web-opti.png\" class=\"attachment-large size-large wp-image-3796\" alt=\"\" srcset=\"https:\/\/kinesitherapie-buchet.be\/wp-content\/uploads\/2024\/08\/Bebe-tient-sa-tete-web-opti.png 940w, https:\/\/kinesitherapie-buchet.be\/wp-content\/uploads\/2024\/08\/Bebe-tient-sa-tete-web-opti-300x251.png 300w, https:\/\/kinesitherapie-buchet.be\/wp-content\/uploads\/2024\/08\/Bebe-tient-sa-tete-web-opti-768x644.png 768w\" sizes=\"(max-width: 800px) 100vw, 800px\" \/><\/div><\/a>\n\t\t\t\t<div class=\"elementor-post__badge\">Ost\u00e9opathie<\/div>\n\t\t\t\t<div class=\"elementor-post__text\">\n\t\t\t\t<h3 class=\"elementor-post__title\">\n\t\t\t<a href=\"https:\/\/kinesitherapie-buchet.be\/index.php\/2024\/08\/21\/bebe-tient-deja-sa-tete\/\" >\n\t\t\t\tB\u00e9b\u00e9 tient d\u00e9j\u00e0 sa t\u00eate !\t\t\t<\/a>\n\t\t<\/h3>\n\t\t\t\t<div class=\"elementor-post__excerpt\">\n\t\t\t<p>\ud83c\udf1f\u00a0Mon b\u00e9b\u00e9 tient d\u00e9j\u00e0 sa t\u00eate : Attention \u00e0 l\u2019hyper-extension !\u00a0\ud83c\udf1f L\u2019ost\u00e9opathie est une pratique de sant\u00e9 globale, id\u00e9ale pour surveiller le d\u00e9veloppement de nos tout-petits. Aujourd\u2019hui, parlons d\u2019un sujet important : lorsque b\u00e9b\u00e9 tient d\u00e9j\u00e0 sa t\u00eate. \ud83d\udd0d\u00a0Qu\u2019est-ce que l\u2019hyper-extension ?\u00a0L\u2019hyper-extension d\u00e9signe une extension excessive d\u2019une articulation. Chez les b\u00e9b\u00e9s, cela peut se produire lorsque leur cou est trop<\/p>\n\t\t<\/div>\n\t\t\t\t\t<div class=\"elementor-post__read-more-wrapper\">\n\t\t\n\t\t<a class=\"elementor-post__read-more\" href=\"https:\/\/kinesitherapie-buchet.be\/index.php\/2024\/08\/21\/bebe-tient-deja-sa-tete\/\" aria-label=\"En savoir plus sur B\u00e9b\u00e9 tient d\u00e9j\u00e0 sa t\u00eate !\" tabindex=\"-1\" >\n\t\t\tLire l'article...\t\t<\/a>\n\n\t\t\t\t\t<\/div>\n\t\t\t\t<\/div>\n\t\t\t\t<div class=\"elementor-post__meta-data\">\n\t\t\t\t\t<span class=\"elementor-post-author\">\n\t\t\tAdmBuchet\t\t<\/span>\n\t\t\t\t<span class=\"elementor-post-date\">\n\t\t\t21 ao\u00fbt 2024\t\t<\/span>\n\t\t\t\t<\/div>\n\t\t\t\t\t<\/div>\n\t\t<\/article>\n\t\t\t\t<article class=\"elementor-post elementor-grid-item post-3779 post type-post status-publish format-standard has-post-thumbnail hentry category-osteopathie category-osteopathie-pediatrique\" role=\"listitem\">\n\t\t\t<div class=\"elementor-post__card\">\n\t\t\t\t<a class=\"elementor-post__thumbnail__link\" href=\"https:\/\/kinesitherapie-buchet.be\/index.php\/2024\/06\/04\/losteopathie-et-la-pma\/\" tabindex=\"-1\" ><div class=\"elementor-post__thumbnail\"><img loading=\"lazy\" decoding=\"async\" width=\"800\" height=\"671\" src=\"https:\/\/kinesitherapie-buchet.be\/wp-content\/uploads\/2024\/06\/PMA-opti.png\" class=\"attachment-large size-large wp-image-3780\" alt=\"\" srcset=\"https:\/\/kinesitherapie-buchet.be\/wp-content\/uploads\/2024\/06\/PMA-opti.png 940w, https:\/\/kinesitherapie-buchet.be\/wp-content\/uploads\/2024\/06\/PMA-opti-300x251.png 300w, https:\/\/kinesitherapie-buchet.be\/wp-content\/uploads\/2024\/06\/PMA-opti-768x644.png 768w\" sizes=\"(max-width: 800px) 100vw, 800px\" \/><\/div><\/a>\n\t\t\t\t<div class=\"elementor-post__badge\">Ost\u00e9opathie<\/div>\n\t\t\t\t<div class=\"elementor-post__text\">\n\t\t\t\t<h3 class=\"elementor-post__title\">\n\t\t\t<a href=\"https:\/\/kinesitherapie-buchet.be\/index.php\/2024\/06\/04\/losteopathie-et-la-pma\/\" >\n\t\t\t\tL&rsquo;ost\u00e9opathie et la PMA\t\t\t<\/a>\n\t\t<\/h3>\n\t\t\t\t<div class=\"elementor-post__excerpt\">\n\t\t\t<p>\ud83d\udc76\u2728 PMA et bienfaits de l&rsquo;ost\u00e9opathie : Un duo gagnant pour votre bien-\u00eatre \u2728\ud83d\udc76 Aujourd&rsquo;hui, nous souhaitons aborder un sujet sensible et crucial pour de nombreuses familles : la Procr\u00e9ation M\u00e9dicalement Assist\u00e9e (PMA) et comment l&rsquo;ost\u00e9opathie peut apporter des bienfaits significatifs tout au long de ce parcours. \ud83d\udd0d Qu&rsquo;est-ce que la PMA ? La PMA englobe l&rsquo;ensemble des techniques m\u00e9dicales<\/p>\n\t\t<\/div>\n\t\t\t\t\t<div class=\"elementor-post__read-more-wrapper\">\n\t\t\n\t\t<a class=\"elementor-post__read-more\" href=\"https:\/\/kinesitherapie-buchet.be\/index.php\/2024\/06\/04\/losteopathie-et-la-pma\/\" aria-label=\"En savoir plus sur L&rsquo;ost\u00e9opathie et la PMA\" tabindex=\"-1\" >\n\t\t\tLire l'article...\t\t<\/a>\n\n\t\t\t\t\t<\/div>\n\t\t\t\t<\/div>\n\t\t\t\t<div class=\"elementor-post__meta-data\">\n\t\t\t\t\t<span class=\"elementor-post-author\">\n\t\t\tCyril Buchet\t\t<\/span>\n\t\t\t\t<span class=\"elementor-post-date\">\n\t\t\t4 juin 2024\t\t<\/span>\n\t\t\t\t<\/div>\n\t\t\t\t\t<\/div>\n\t\t<\/article>\n\t\t\t\t<article class=\"elementor-post elementor-grid-item post-3757 post type-post status-publish format-standard has-post-thumbnail hentry category-osteopathie category-osteopathie-pediatrique\" role=\"listitem\">\n\t\t\t<div class=\"elementor-post__card\">\n\t\t\t\t<a class=\"elementor-post__thumbnail__link\" href=\"https:\/\/kinesitherapie-buchet.be\/index.php\/2024\/04\/09\/le-sommeil-chez-lenfant\/\" tabindex=\"-1\" ><div class=\"elementor-post__thumbnail\"><img loading=\"lazy\" decoding=\"async\" width=\"800\" height=\"671\" src=\"https:\/\/kinesitherapie-buchet.be\/wp-content\/uploads\/2024\/04\/Le-sommeil-chez-lenfant-site.png\" class=\"attachment-large size-large wp-image-3760\" alt=\"\" srcset=\"https:\/\/kinesitherapie-buchet.be\/wp-content\/uploads\/2024\/04\/Le-sommeil-chez-lenfant-site.png 940w, https:\/\/kinesitherapie-buchet.be\/wp-content\/uploads\/2024\/04\/Le-sommeil-chez-lenfant-site-300x251.png 300w, https:\/\/kinesitherapie-buchet.be\/wp-content\/uploads\/2024\/04\/Le-sommeil-chez-lenfant-site-768x644.png 768w\" sizes=\"(max-width: 800px) 100vw, 800px\" \/><\/div><\/a>\n\t\t\t\t<div class=\"elementor-post__badge\">Ost\u00e9opathie<\/div>\n\t\t\t\t<div class=\"elementor-post__text\">\n\t\t\t\t<h3 class=\"elementor-post__title\">\n\t\t\t<a href=\"https:\/\/kinesitherapie-buchet.be\/index.php\/2024\/04\/09\/le-sommeil-chez-lenfant\/\" >\n\t\t\t\tLe sommeil chez l&rsquo;enfant\t\t\t<\/a>\n\t\t<\/h3>\n\t\t\t\t<div class=\"elementor-post__excerpt\">\n\t\t\t<p>Le monde fascinant du sommeil chez le nouveau-n\u00e9 diff\u00e8re grandement de celui des adultes. D\u00e8s leurs premiers mois, les b\u00e9b\u00e9s alternent entre sommeil actif, marqu\u00e9 par des mouvements et des r\u00eaves, et sommeil calme, plus profond et paisible.<\/p>\t\t<\/div>\n\t\t\t\t\t<div class=\"elementor-post__read-more-wrapper\">\n\t\t\n\t\t<a class=\"elementor-post__read-more\" href=\"https:\/\/kinesitherapie-buchet.be\/index.php\/2024\/04\/09\/le-sommeil-chez-lenfant\/\" aria-label=\"En savoir plus sur Le sommeil chez l&rsquo;enfant\" tabindex=\"-1\" >\n\t\t\tLire l'article...\t\t<\/a>\n\n\t\t\t\t\t<\/div>\n\t\t\t\t<\/div>\n\t\t\t\t<div class=\"elementor-post__meta-data\">\n\t\t\t\t\t<span class=\"elementor-post-author\">\n\t\t\tCyril Buchet\t\t<\/span>\n\t\t\t\t<span class=\"elementor-post-date\">\n\t\t\t9 avril 2024\t\t<\/span>\n\t\t\t\t<\/div>\n\t\t\t\t\t<\/div>\n\t\t<\/article>\n\t\t\t\t<\/div>\n\t\t\n\t\t\t\t<div class=\"e-load-more-anchor\" data-page=\"1\" data-max-page=\"3\" data-next-page=\"https:\/\/kinesitherapie-buchet.be\/index.php\/wp-json\/wp\/v2\/pages\/2159\/page\/2\/\"><\/div>\n\t\t\t\t<nav class=\"elementor-pagination\" aria-label=\"Pagination\">\n\t\t\t<span class=\"page-numbers prev\">&laquo; Pr\u00e9c\u00e9dent<\/span>\n<span aria-current=\"page\" class=\"page-numbers current\"><span class=\"elementor-screen-only\">Page<\/span>1<\/span>\n<a class=\"page-numbers\" href=\"https:\/\/kinesitherapie-buchet.be\/index.php\/wp-json\/wp\/v2\/pages\/2159\/page\/2\/\"><span class=\"elementor-screen-only\">Page<\/span>2<\/a>\n<a class=\"page-numbers\" href=\"https:\/\/kinesitherapie-buchet.be\/index.php\/wp-json\/wp\/v2\/pages\/2159\/page\/3\/\"><span class=\"elementor-screen-only\">Page<\/span>3<\/a>\n<a class=\"page-numbers next\" href=\"https:\/\/kinesitherapie-buchet.be\/index.php\/wp-json\/wp\/v2\/pages\/2159\/page\/2\/\">Suivant&raquo;<\/a>\t\t<\/nav>\n\t\t\t\t\t\t<\/div>\n\t\t\t\t<\/div>\n\t\t\t\t\t<\/div>\n\t\t<\/div>\n\t\t\t\t\t<\/div>\n\t\t<\/section>\n\t\t\t\t<\/div>\n\t\t","protected":false},"excerpt":{"rendered":"<p>Actualit\u00e9s<\/p>\n","protected":false},"author":1,"featured_media":0,"parent":0,"menu_order":0,"comment_status":"closed","ping_status":"closed","template":"elementor_header_footer","meta":{"_monsterinsights_skip_tracking":false,"_monsterinsights_sitenote_active":false,"_monsterinsights_sitenote_note":"","_monsterinsights_sitenote_category":0,"footnotes":""},"class_list":["post-2159","page","type-page","status-publish","hentry"],"_links":{"self":[{"href":"https:\/\/kinesitherapie-buchet.be\/index.php\/wp-json\/wp\/v2\/pages\/2159","targetHints":{"allow":["GET"]}}],"collection":[{"href":"https:\/\/kinesitherapie-buchet.be\/index.php\/wp-json\/wp\/v2\/pages"}],"about":[{"href":"https:\/\/kinesitherapie-buchet.be\/index.php\/wp-json\/wp\/v2\/types\/page"}],"author":[{"embeddable":true,"href":"https:\/\/kinesitherapie-buchet.be\/index.php\/wp-json\/wp\/v2\/users\/1"}],"replies":[{"embeddable":true,"href":"https:\/\/kinesitherapie-buchet.be\/index.php\/wp-json\/wp\/v2\/comments?post=2159"}],"version-history":[{"count":58,"href":"https:\/\/kinesitherapie-buchet.be\/index.php\/wp-json\/wp\/v2\/pages\/2159\/revisions"}],"predecessor-version":[{"id":3777,"href":"https:\/\/kinesitherapie-buchet.be\/index.php\/wp-json\/wp\/v2\/pages\/2159\/revisions\/3777"}],"wp:attachment":[{"href":"https:\/\/kinesitherapie-buchet.be\/index.php\/wp-json\/wp\/v2\/media?parent=2159"}],"curies":[{"name":"wp","href":"https:\/\/api.w.org\/{rel}","templated":true}]}}