{"id":2162,"date":"2022-11-28T08:42:38","date_gmt":"2022-11-28T07:42:38","guid":{"rendered":"https:\/\/kinesitherapie-buchet.be\/?page_id=2162"},"modified":"2024-03-29T15:19:51","modified_gmt":"2024-03-29T14:19:51","slug":"osteopathie-pediatrique","status":"publish","type":"page","link":"https:\/\/kinesitherapie-buchet.be\/index.php\/osteopathie-pediatrique\/","title":{"rendered":"Ost\u00e9opathie p\u00e9diatrique"},"content":{"rendered":"\t\t<div data-elementor-type=\"wp-page\" data-elementor-id=\"2162\" class=\"elementor elementor-2162\" data-elementor-post-type=\"page\">\n\t\t\t\t<div class=\"elementor-element elementor-element-e6b5d38 e-con-full elementor-hidden-mobile e-flex e-con e-parent\" data-id=\"e6b5d38\" data-element_type=\"container\" data-e-type=\"container\" data-settings=\"{&quot;background_background&quot;:&quot;gradient&quot;}\">\n\t\t<div class=\"elementor-element elementor-element-cbdaf7e e-con-full e-flex e-con e-child\" data-id=\"cbdaf7e\" data-element_type=\"container\" data-e-type=\"container\" data-settings=\"{&quot;background_background&quot;:&quot;classic&quot;}\">\n\t\t\t\t<div class=\"elementor-element elementor-element-02f21c5 elementor-widget elementor-widget-text-editor\" data-id=\"02f21c5\" data-element_type=\"widget\" data-e-type=\"widget\" data-widget_type=\"text-editor.default\">\n\t\t\t\t<div class=\"elementor-widget-container\">\n\t\t\t\t\t\t\t\t\t<p>ost\u00e9opathie p\u00e9diatrique<\/p>\t\t\t\t\t\t\t\t<\/div>\n\t\t\t\t<\/div>\n\t\t<div class=\"elementor-element elementor-element-a31228d e-con-full e-flex e-con e-child\" data-id=\"a31228d\" data-element_type=\"container\" data-e-type=\"container\">\n\t\t<div class=\"elementor-element elementor-element-d558bce e-con-full e-flex e-con e-child\" data-id=\"d558bce\" data-element_type=\"container\" data-e-type=\"container\">\n\t\t\t\t<div class=\"elementor-element elementor-element-2b1a4cb elementor-widget elementor-widget-text-editor\" data-id=\"2b1a4cb\" data-element_type=\"widget\" data-e-type=\"widget\" data-widget_type=\"text-editor.default\">\n\t\t\t\t<div class=\"elementor-widget-container\">\n\t\t\t\t\t\t\t\t\t<p><strong>Lorsque b\u00e9b\u00e9 :<\/strong><\/p><ul><li>A des difficult\u00e9s \u00e0 t\u00e9ter ou avaler<\/li><li>Regarde toujours du m\u00eame c\u00f4t\u00e9, voit son cr\u00e2ne\u00a0s\u2019aplatir, se d\u00e9former<\/li><li>Pleure souvent et n\u2019arrive pas \u00e0 se calmer, a des probl\u00e8mes de sommeil et est tout le temps agit\u00e9<\/li><li>Se tient en forme de virgule, en torsion ou jette\u00a0r\u00e9guli\u00e8rement sa t\u00eate en arri\u00e8re<\/li><li>R\u00e9gurgite, pr\u00e9sente des coliques, son ventre est\u00a0tendu, a des difficult\u00e9s \u00e0 faire ses renvois et\/ou\u00a0a souvent le hoquet.<\/li><li>Est n\u00e9 \u00e0 l\u2019aide de forceps ou de ventouses<\/li><\/ul>\t\t\t\t\t\t\t\t<\/div>\n\t\t\t\t<\/div>\n\t\t\t\t<\/div>\n\t\t\t\t<\/div>\n\t\t\t\t<\/div>\n\t\t<div class=\"elementor-element elementor-element-155d63d e-con-full e-flex e-con e-child\" data-id=\"155d63d\" data-element_type=\"container\" data-e-type=\"container\" data-settings=\"{&quot;background_background&quot;:&quot;classic&quot;}\">\n\t\t\t\t<\/div>\n\t\t\t\t<\/div>\n\t\t<div class=\"elementor-element elementor-element-f0c5019 e-con-full elementor-hidden-desktop elementor-hidden-tablet e-flex e-con e-parent\" data-id=\"f0c5019\" data-element_type=\"container\" data-e-type=\"container\" data-settings=\"{&quot;background_background&quot;:&quot;gradient&quot;}\">\n\t\t<div class=\"elementor-element elementor-element-7d00033 e-con-full e-flex e-con e-child\" data-id=\"7d00033\" data-element_type=\"container\" data-e-type=\"container\" data-settings=\"{&quot;background_background&quot;:&quot;classic&quot;}\">\n\t\t\t\t<div class=\"elementor-element elementor-element-8243321 elementor-widget elementor-widget-text-editor\" data-id=\"8243321\" data-element_type=\"widget\" data-e-type=\"widget\" data-widget_type=\"text-editor.default\">\n\t\t\t\t<div class=\"elementor-widget-container\">\n\t\t\t\t\t\t\t\t\t<p>ost\u00e9opathie p\u00e9diatrique<\/p>\t\t\t\t\t\t\t\t<\/div>\n\t\t\t\t<\/div>\n\t\t<div class=\"elementor-element elementor-element-8a2826e e-con-full e-flex e-con e-child\" data-id=\"8a2826e\" data-element_type=\"container\" data-e-type=\"container\">\n\t\t<div class=\"elementor-element elementor-element-4921728 e-con-full e-flex e-con e-child\" data-id=\"4921728\" data-element_type=\"container\" data-e-type=\"container\">\n\t\t\t\t<div class=\"elementor-element elementor-element-d4b66e2 elementor-widget elementor-widget-text-editor\" data-id=\"d4b66e2\" data-element_type=\"widget\" data-e-type=\"widget\" data-widget_type=\"text-editor.default\">\n\t\t\t\t<div class=\"elementor-widget-container\">\n\t\t\t\t\t\t\t\t\t<p><strong>Lorsque b\u00e9b\u00e9 :<\/strong><\/p><ul><li>A des difficult\u00e9s \u00e0 t\u00e9ter ou avaler<\/li><li>Regarde toujours du m\u00eame c\u00f4t\u00e9, voit son cr\u00e2ne\u00a0s\u2019aplatir, se d\u00e9former<\/li><li>Pleure souvent et n\u2019arrive pas \u00e0 se calmer, a des probl\u00e8mes de sommeil et est tout le temps agit\u00e9<\/li><li>Se tient en forme de virgule, en torsion ou jette\u00a0r\u00e9guli\u00e8rement sa t\u00eate en arri\u00e8re<\/li><li>R\u00e9gurgite, pr\u00e9sente des coliques, son ventre est\u00a0tendu, a des difficult\u00e9s \u00e0 faire ses renvois et\/ou\u00a0a souvent le hoquet.<\/li><li>Est n\u00e9 \u00e0 l\u2019aide de forceps ou de ventouses<\/li><\/ul>\t\t\t\t\t\t\t\t<\/div>\n\t\t\t\t<\/div>\n\t\t\t\t<\/div>\n\t\t\t\t<\/div>\n\t\t\t\t<\/div>\n\t\t<div class=\"elementor-element elementor-element-e3deb2f elementor-hidden-mobile e-con-full e-flex e-con e-child\" data-id=\"e3deb2f\" data-element_type=\"container\" data-e-type=\"container\" data-settings=\"{&quot;background_background&quot;:&quot;classic&quot;}\">\n\t\t\t\t<\/div>\n\t\t\t\t<\/div>\n\t\t<div class=\"elementor-element elementor-element-e73a7da e-con-full e-flex e-con e-parent\" data-id=\"e73a7da\" data-element_type=\"container\" data-e-type=\"container\">\n\t\t<div class=\"elementor-element elementor-element-8ee55d1 e-con-full e-flex e-con e-child\" data-id=\"8ee55d1\" data-element_type=\"container\" data-e-type=\"container\">\n\t\t\t\t<div class=\"elementor-element elementor-element-e8528b0 elementor-skin-carousel elementor-widget elementor-widget-media-carousel\" data-id=\"e8528b0\" data-element_type=\"widget\" data-e-type=\"widget\" data-settings=\"{&quot;slides_per_view&quot;:&quot;4&quot;,&quot;lazyload&quot;:&quot;yes&quot;,&quot;skin&quot;:&quot;carousel&quot;,&quot;effect&quot;:&quot;slide&quot;,&quot;speed&quot;:500,&quot;autoplay&quot;:&quot;yes&quot;,&quot;autoplay_speed&quot;:5000,&quot;loop&quot;:&quot;yes&quot;,&quot;pause_on_hover&quot;:&quot;yes&quot;,&quot;pause_on_interaction&quot;:&quot;yes&quot;,&quot;space_between&quot;:{&quot;unit&quot;:&quot;px&quot;,&quot;size&quot;:10,&quot;sizes&quot;:[]},&quot;space_between_tablet&quot;:{&quot;unit&quot;:&quot;px&quot;,&quot;size&quot;:10,&quot;sizes&quot;:[]},&quot;space_between_mobile&quot;:{&quot;unit&quot;:&quot;px&quot;,&quot;size&quot;:10,&quot;sizes&quot;:[]}}\" data-widget_type=\"media-carousel.default\">\n\t\t\t\t<div class=\"elementor-widget-container\">\n\t\t\t\t\t\t\t\t\t<div class=\"elementor-swiper\">\n\t\t\t\t\t<div class=\"elementor-main-swiper swiper\" role=\"region\" aria-roledescription=\"carousel\" aria-label=\"Diapositives\">\n\t\t\t\t<div class=\"swiper-wrapper\">\n\t\t\t\t\t\t\t\t\t\t\t<div class=\"swiper-slide\" role=\"group\" aria-roledescription=\"slide\">\n\t\t\t\t\t\t\t\t\t<div class=\"elementor-carousel-image swiper-lazy\" role=\"img\" aria-label=\"P\u00e9diatrie-5\" data-background=\"https:\/\/kinesitherapie-buchet.be\/wp-content\/uploads\/2022\/12\/Pediatrie-5.jpg\">\n\n\t\t\t\t\t\t\t<div class=\"swiper-lazy-preloader\"><\/div>\n\t\t\t\n\t\t\t\t\t<\/div>\n\t\t\t\t\t\t\t\t<\/div>\n\t\t\t\t\t\t\t\t\t\t\t<div class=\"swiper-slide\" role=\"group\" aria-roledescription=\"slide\">\n\t\t\t\t\t\t\t\t\t<div class=\"elementor-carousel-image swiper-lazy\" role=\"img\" aria-label=\"P\u00e9diatrie-4\" data-background=\"https:\/\/kinesitherapie-buchet.be\/wp-content\/uploads\/2022\/12\/Pediatrie-4.jpg\">\n\n\t\t\t\t\t\t\t<div class=\"swiper-lazy-preloader\"><\/div>\n\t\t\t\n\t\t\t\t\t<\/div>\n\t\t\t\t\t\t\t\t<\/div>\n\t\t\t\t\t\t\t\t\t\t\t<div class=\"swiper-slide\" role=\"group\" aria-roledescription=\"slide\">\n\t\t\t\t\t\t\t\t\t<div class=\"elementor-carousel-image swiper-lazy\" role=\"img\" aria-label=\"P\u00e9diatrie-3\" data-background=\"https:\/\/kinesitherapie-buchet.be\/wp-content\/uploads\/2022\/12\/Pediatrie-3.jpg\">\n\n\t\t\t\t\t\t\t<div class=\"swiper-lazy-preloader\"><\/div>\n\t\t\t\n\t\t\t\t\t<\/div>\n\t\t\t\t\t\t\t\t<\/div>\n\t\t\t\t\t\t\t\t\t\t\t<div class=\"swiper-slide\" role=\"group\" aria-roledescription=\"slide\">\n\t\t\t\t\t\t\t\t\t<div class=\"elementor-carousel-image swiper-lazy\" role=\"img\" aria-label=\"P\u00e9diatrie-2\" data-background=\"https:\/\/kinesitherapie-buchet.be\/wp-content\/uploads\/2022\/12\/Pediatrie-2.jpg\">\n\n\t\t\t\t\t\t\t<div class=\"swiper-lazy-preloader\"><\/div>\n\t\t\t\n\t\t\t\t\t<\/div>\n\t\t\t\t\t\t\t\t<\/div>\n\t\t\t\t\t\t\t\t\t\t\t<div class=\"swiper-slide\" role=\"group\" aria-roledescription=\"slide\">\n\t\t\t\t\t\t\t\t\t<div class=\"elementor-carousel-image swiper-lazy\" role=\"img\" aria-label=\"P\u00e9diatrie-1\" data-background=\"https:\/\/kinesitherapie-buchet.be\/wp-content\/uploads\/2022\/12\/Pediatrie-1.jpg\">\n\n\t\t\t\t\t\t\t<div class=\"swiper-lazy-preloader\"><\/div>\n\t\t\t\n\t\t\t\t\t<\/div>\n\t\t\t\t\t\t\t\t<\/div>\n\t\t\t\t\t\t\t\t\t<\/div>\n\t\t\t\t\t\t\t\t\t\t\t\t\t\t\t\t\t\t\t\t\t<\/div>\n\t\t\t\t<\/div>\n\t\t\t\t\t\t\t\t<\/div>\n\t\t\t\t<\/div>\n\t\t\t\t<\/div>\n\t\t\t\t<\/div>\n\t\t<div class=\"elementor-element elementor-element-3f771a87 e-con-full e-flex e-con e-parent\" data-id=\"3f771a87\" data-element_type=\"container\" data-e-type=\"container\" data-settings=\"{&quot;background_background&quot;:&quot;classic&quot;}\">\n\t\t<div class=\"elementor-element elementor-element-35acc798 e-con-full e-flex e-con e-child\" data-id=\"35acc798\" data-element_type=\"container\" data-e-type=\"container\" data-settings=\"{&quot;background_background&quot;:&quot;classic&quot;}\">\n\t\t\t\t<div class=\"elementor-element elementor-element-112875a3 elementor-grid-3 elementor-grid-tablet-2 elementor-grid-mobile-1 elementor-posts--thumbnail-top elementor-card-shadow-yes elementor-posts__hover-gradient elementor-widget elementor-widget-posts\" data-id=\"112875a3\" data-element_type=\"widget\" data-e-type=\"widget\" data-settings=\"{&quot;pagination_type&quot;:&quot;load_more_infinite_scroll&quot;,&quot;cards_columns&quot;:&quot;3&quot;,&quot;cards_columns_tablet&quot;:&quot;2&quot;,&quot;cards_columns_mobile&quot;:&quot;1&quot;,&quot;cards_row_gap&quot;:{&quot;unit&quot;:&quot;px&quot;,&quot;size&quot;:35,&quot;sizes&quot;:[]},&quot;cards_row_gap_tablet&quot;:{&quot;unit&quot;:&quot;px&quot;,&quot;size&quot;:&quot;&quot;,&quot;sizes&quot;:[]},&quot;cards_row_gap_mobile&quot;:{&quot;unit&quot;:&quot;px&quot;,&quot;size&quot;:&quot;&quot;,&quot;sizes&quot;:[]},&quot;load_more_spinner&quot;:{&quot;value&quot;:&quot;fas fa-spinner&quot;,&quot;library&quot;:&quot;fa-solid&quot;}}\" data-widget_type=\"posts.cards\">\n\t\t\t\t<div class=\"elementor-widget-container\">\n\t\t\t\t\t\t\t<div class=\"elementor-posts-container elementor-posts elementor-posts--skin-cards elementor-grid\" role=\"list\">\n\t\t\t\t<article class=\"elementor-post elementor-grid-item post-3793 post type-post status-publish format-standard has-post-thumbnail hentry category-osteopathie category-osteopathie-pediatrique\" role=\"listitem\">\n\t\t\t<div class=\"elementor-post__card\">\n\t\t\t\t<a class=\"elementor-post__thumbnail__link\" href=\"https:\/\/kinesitherapie-buchet.be\/index.php\/2024\/08\/21\/bebe-tient-deja-sa-tete\/\" tabindex=\"-1\" ><div class=\"elementor-post__thumbnail\"><img fetchpriority=\"high\" decoding=\"async\" width=\"300\" height=\"251\" src=\"https:\/\/kinesitherapie-buchet.be\/wp-content\/uploads\/2024\/08\/Bebe-tient-sa-tete-web-opti-300x251.png\" class=\"attachment-medium size-medium wp-image-3796\" alt=\"\" srcset=\"https:\/\/kinesitherapie-buchet.be\/wp-content\/uploads\/2024\/08\/Bebe-tient-sa-tete-web-opti-300x251.png 300w, https:\/\/kinesitherapie-buchet.be\/wp-content\/uploads\/2024\/08\/Bebe-tient-sa-tete-web-opti-768x644.png 768w, https:\/\/kinesitherapie-buchet.be\/wp-content\/uploads\/2024\/08\/Bebe-tient-sa-tete-web-opti.png 940w\" sizes=\"(max-width: 300px) 100vw, 300px\" \/><\/div><\/a>\n\t\t\t\t<div class=\"elementor-post__badge\">Ost\u00e9opathie<\/div>\n\t\t\t\t<div class=\"elementor-post__text\">\n\t\t\t\t<h3 class=\"elementor-post__title\">\n\t\t\t<a href=\"https:\/\/kinesitherapie-buchet.be\/index.php\/2024\/08\/21\/bebe-tient-deja-sa-tete\/\" >\n\t\t\t\tB\u00e9b\u00e9 tient d\u00e9j\u00e0 sa t\u00eate !\t\t\t<\/a>\n\t\t<\/h3>\n\t\t\t\t<div class=\"elementor-post__excerpt\">\n\t\t\t<p>\ud83c\udf1f\u00a0Mon b\u00e9b\u00e9 tient d\u00e9j\u00e0 sa t\u00eate : Attention \u00e0 l\u2019hyper-extension !\u00a0\ud83c\udf1f L\u2019ost\u00e9opathie est une pratique<\/p>\n\t\t<\/div>\n\t\t\t\t\t<div class=\"elementor-post__read-more-wrapper\">\n\t\t\n\t\t<a class=\"elementor-post__read-more\" href=\"https:\/\/kinesitherapie-buchet.be\/index.php\/2024\/08\/21\/bebe-tient-deja-sa-tete\/\" aria-label=\"En savoir plus sur B\u00e9b\u00e9 tient d\u00e9j\u00e0 sa t\u00eate !\" tabindex=\"-1\" >\n\t\t\tLire la suite \u00bb\t\t<\/a>\n\n\t\t\t\t\t<\/div>\n\t\t\t\t<\/div>\n\t\t\t\t<div class=\"elementor-post__meta-data\">\n\t\t\t\t\t<span class=\"elementor-post-date\">\n\t\t\t21 ao\u00fbt 2024\t\t<\/span>\n\t\t\t\t<span class=\"elementor-post-avatar\">\n\t\t\tAucun commentaire\t\t<\/span>\n\t\t\t\t<\/div>\n\t\t\t\t\t<\/div>\n\t\t<\/article>\n\t\t\t\t<article class=\"elementor-post elementor-grid-item post-3779 post type-post status-publish format-standard has-post-thumbnail hentry category-osteopathie category-osteopathie-pediatrique\" role=\"listitem\">\n\t\t\t<div class=\"elementor-post__card\">\n\t\t\t\t<a class=\"elementor-post__thumbnail__link\" href=\"https:\/\/kinesitherapie-buchet.be\/index.php\/2024\/06\/04\/losteopathie-et-la-pma\/\" tabindex=\"-1\" ><div class=\"elementor-post__thumbnail\"><img decoding=\"async\" width=\"300\" height=\"251\" src=\"https:\/\/kinesitherapie-buchet.be\/wp-content\/uploads\/2024\/06\/PMA-opti-300x251.png\" class=\"attachment-medium size-medium wp-image-3780\" alt=\"\" srcset=\"https:\/\/kinesitherapie-buchet.be\/wp-content\/uploads\/2024\/06\/PMA-opti-300x251.png 300w, https:\/\/kinesitherapie-buchet.be\/wp-content\/uploads\/2024\/06\/PMA-opti-768x644.png 768w, https:\/\/kinesitherapie-buchet.be\/wp-content\/uploads\/2024\/06\/PMA-opti.png 940w\" sizes=\"(max-width: 300px) 100vw, 300px\" \/><\/div><\/a>\n\t\t\t\t<div class=\"elementor-post__badge\">Ost\u00e9opathie<\/div>\n\t\t\t\t<div class=\"elementor-post__text\">\n\t\t\t\t<h3 class=\"elementor-post__title\">\n\t\t\t<a href=\"https:\/\/kinesitherapie-buchet.be\/index.php\/2024\/06\/04\/losteopathie-et-la-pma\/\" >\n\t\t\t\tL&rsquo;ost\u00e9opathie et la PMA\t\t\t<\/a>\n\t\t<\/h3>\n\t\t\t\t<div class=\"elementor-post__excerpt\">\n\t\t\t<p>\ud83d\udc76\u2728 PMA et bienfaits de l&rsquo;ost\u00e9opathie : Un duo gagnant pour votre bien-\u00eatre \u2728\ud83d\udc76 Aujourd&rsquo;hui,<\/p>\n\t\t<\/div>\n\t\t\t\t\t<div class=\"elementor-post__read-more-wrapper\">\n\t\t\n\t\t<a class=\"elementor-post__read-more\" href=\"https:\/\/kinesitherapie-buchet.be\/index.php\/2024\/06\/04\/losteopathie-et-la-pma\/\" aria-label=\"En savoir plus sur L&rsquo;ost\u00e9opathie et la PMA\" tabindex=\"-1\" >\n\t\t\tLire la suite \u00bb\t\t<\/a>\n\n\t\t\t\t\t<\/div>\n\t\t\t\t<\/div>\n\t\t\t\t<div class=\"elementor-post__meta-data\">\n\t\t\t\t\t<span class=\"elementor-post-date\">\n\t\t\t4 juin 2024\t\t<\/span>\n\t\t\t\t<span class=\"elementor-post-avatar\">\n\t\t\tAucun commentaire\t\t<\/span>\n\t\t\t\t<\/div>\n\t\t\t\t\t<\/div>\n\t\t<\/article>\n\t\t\t\t<article class=\"elementor-post elementor-grid-item post-3757 post type-post status-publish format-standard has-post-thumbnail hentry category-osteopathie category-osteopathie-pediatrique\" role=\"listitem\">\n\t\t\t<div class=\"elementor-post__card\">\n\t\t\t\t<a class=\"elementor-post__thumbnail__link\" href=\"https:\/\/kinesitherapie-buchet.be\/index.php\/2024\/04\/09\/le-sommeil-chez-lenfant\/\" tabindex=\"-1\" ><div class=\"elementor-post__thumbnail\"><img decoding=\"async\" width=\"300\" height=\"251\" src=\"https:\/\/kinesitherapie-buchet.be\/wp-content\/uploads\/2024\/04\/Le-sommeil-chez-lenfant-site-300x251.png\" class=\"attachment-medium size-medium wp-image-3760\" alt=\"\" srcset=\"https:\/\/kinesitherapie-buchet.be\/wp-content\/uploads\/2024\/04\/Le-sommeil-chez-lenfant-site-300x251.png 300w, https:\/\/kinesitherapie-buchet.be\/wp-content\/uploads\/2024\/04\/Le-sommeil-chez-lenfant-site-768x644.png 768w, https:\/\/kinesitherapie-buchet.be\/wp-content\/uploads\/2024\/04\/Le-sommeil-chez-lenfant-site.png 940w\" sizes=\"(max-width: 300px) 100vw, 300px\" \/><\/div><\/a>\n\t\t\t\t<div class=\"elementor-post__badge\">Ost\u00e9opathie<\/div>\n\t\t\t\t<div class=\"elementor-post__text\">\n\t\t\t\t<h3 class=\"elementor-post__title\">\n\t\t\t<a href=\"https:\/\/kinesitherapie-buchet.be\/index.php\/2024\/04\/09\/le-sommeil-chez-lenfant\/\" >\n\t\t\t\tLe sommeil chez l&rsquo;enfant\t\t\t<\/a>\n\t\t<\/h3>\n\t\t\t\t<div class=\"elementor-post__excerpt\">\n\t\t\t<p>Le monde fascinant du sommeil chez le nouveau-n\u00e9 diff\u00e8re grandement de celui des adultes. D\u00e8s\t\t<\/div>\n\t\t\t\t\t<div class=\"elementor-post__read-more-wrapper\">\n\t\t\n\t\t<a class=\"elementor-post__read-more\" href=\"https:\/\/kinesitherapie-buchet.be\/index.php\/2024\/04\/09\/le-sommeil-chez-lenfant\/\" aria-label=\"En savoir plus sur Le sommeil chez l&rsquo;enfant\" tabindex=\"-1\" >\n\t\t\tLire la suite \u00bb\t\t<\/a>\n\n\t\t\t\t\t<\/div>\n\t\t\t\t<\/div>\n\t\t\t\t<div class=\"elementor-post__meta-data\">\n\t\t\t\t\t<span class=\"elementor-post-date\">\n\t\t\t9 avril 2024\t\t<\/span>\n\t\t\t\t<span class=\"elementor-post-avatar\">\n\t\t\tAucun commentaire\t\t<\/span>\n\t\t\t\t<\/div>\n\t\t\t\t\t<\/div>\n\t\t<\/article>\n\t\t\t\t<article class=\"elementor-post elementor-grid-item post-3594 post type-post status-publish format-standard has-post-thumbnail hentry category-osteopathie category-osteopathie-pediatrique\" role=\"listitem\">\n\t\t\t<div class=\"elementor-post__card\">\n\t\t\t\t<a class=\"elementor-post__thumbnail__link\" href=\"https:\/\/kinesitherapie-buchet.be\/index.php\/2024\/03\/24\/losteopathie-pediatrique\/\" tabindex=\"-1\" ><div class=\"elementor-post__thumbnail\"><img loading=\"lazy\" decoding=\"async\" width=\"300\" height=\"259\" src=\"https:\/\/kinesitherapie-buchet.be\/wp-content\/uploads\/2024\/03\/Pediatrie-2-300x259.png\" class=\"attachment-medium size-medium wp-image-3603\" alt=\"\" srcset=\"https:\/\/kinesitherapie-buchet.be\/wp-content\/uploads\/2024\/03\/Pediatrie-2-300x259.png 300w, https:\/\/kinesitherapie-buchet.be\/wp-content\/uploads\/2024\/03\/Pediatrie-2-1024x885.png 1024w, https:\/\/kinesitherapie-buchet.be\/wp-content\/uploads\/2024\/03\/Pediatrie-2-768x664.png 768w, https:\/\/kinesitherapie-buchet.be\/wp-content\/uploads\/2024\/03\/Pediatrie-2.png 1104w\" sizes=\"(max-width: 300px) 100vw, 300px\" \/><\/div><\/a>\n\t\t\t\t<div class=\"elementor-post__badge\">Ost\u00e9opathie<\/div>\n\t\t\t\t<div class=\"elementor-post__text\">\n\t\t\t\t<h3 class=\"elementor-post__title\">\n\t\t\t<a href=\"https:\/\/kinesitherapie-buchet.be\/index.php\/2024\/03\/24\/losteopathie-pediatrique\/\" >\n\t\t\t\tL&rsquo;ost\u00e9opathie p\u00e9diatrique\t\t\t<\/a>\n\t\t<\/h3>\n\t\t\t\t<div class=\"elementor-post__excerpt\">\n\t\t\t<p>L&rsquo;ost\u00e9opathie p\u00e9diatrique : une approche douce pour la sant\u00e9 de vos enfants. L&rsquo;ost\u00e9opathie p\u00e9diatrique peut<\/p>\n\t\t<\/div>\n\t\t\t\t\t<div class=\"elementor-post__read-more-wrapper\">\n\t\t\n\t\t<a class=\"elementor-post__read-more\" href=\"https:\/\/kinesitherapie-buchet.be\/index.php\/2024\/03\/24\/losteopathie-pediatrique\/\" aria-label=\"En savoir plus sur L&rsquo;ost\u00e9opathie p\u00e9diatrique\" tabindex=\"-1\" >\n\t\t\tLire la suite \u00bb\t\t<\/a>\n\n\t\t\t\t\t<\/div>\n\t\t\t\t<\/div>\n\t\t\t\t<div class=\"elementor-post__meta-data\">\n\t\t\t\t\t<span class=\"elementor-post-date\">\n\t\t\t24 mars 2024\t\t<\/span>\n\t\t\t\t<span class=\"elementor-post-avatar\">\n\t\t\tAucun commentaire\t\t<\/span>\n\t\t\t\t<\/div>\n\t\t\t\t\t<\/div>\n\t\t<\/article>\n\t\t\t\t<\/div>\n\t\t\t\t\t<span class=\"e-load-more-spinner\">\n\t\t\t\t<svg aria-hidden=\"true\" class=\"e-font-icon-svg e-fas-spinner\" viewBox=\"0 0 512 512\" xmlns=\"http:\/\/www.w3.org\/2000\/svg\"><path d=\"M304 48c0 26.51-21.49 48-48 48s-48-21.49-48-48 21.49-48 48-48 48 21.49 48 48zm-48 368c-26.51 0-48 21.49-48 48s21.49 48 48 48 48-21.49 48-48-21.49-48-48-48zm208-208c-26.51 0-48 21.49-48 48s21.49 48 48 48 48-21.49 48-48-21.49-48-48-48zM96 256c0-26.51-21.49-48-48-48S0 229.49 0 256s21.49 48 48 48 48-21.49 48-48zm12.922 99.078c-26.51 0-48 21.49-48 48s21.49 48 48 48 48-21.49 48-48c0-26.509-21.491-48-48-48zm294.156 0c-26.51 0-48 21.49-48 48s21.49 48 48 48 48-21.49 48-48c0-26.509-21.49-48-48-48zM108.922 60.922c-26.51 0-48 21.49-48 48s21.49 48 48 48 48-21.49 48-48-21.491-48-48-48z\"><\/path><\/svg>\t\t\t<\/span>\n\t\t\n\t\t\t\t\t\t<\/div>\n\t\t\t\t<\/div>\n\t\t\t\t<\/div>\n\t\t<div class=\"elementor-element elementor-element-795efcec e-con-full e-flex e-con e-child\" data-id=\"795efcec\" data-element_type=\"container\" data-e-type=\"container\" data-settings=\"{&quot;background_background&quot;:&quot;gradient&quot;}\">\n\t\t\t\t<div class=\"elementor-element elementor-element-688c8b9a elementor-widget elementor-widget-wp-widget-categories\" data-id=\"688c8b9a\" data-element_type=\"widget\" data-e-type=\"widget\" data-widget_type=\"wp-widget-categories.default\">\n\t\t\t\t<div class=\"elementor-widget-container\">\n\t\t\t\t\t<h5>Autres articles<\/h5><nav aria-label=\"Autres articles\">\n\t\t\t<ul>\n\t\t\t\t\t<li class=\"cat-item cat-item-21\"><a href=\"https:\/\/kinesitherapie-buchet.be\/index.php\/category\/a-la-une\/\">A la une<\/a> (3)\n<\/li>\n\t<li class=\"cat-item cat-item-20\"><a href=\"https:\/\/kinesitherapie-buchet.be\/index.php\/category\/kinesitherapie\/\">Kin\u00e9sith\u00e9rapie<\/a> (2)\n<\/li>\n\t<li class=\"cat-item cat-item-1\"><a href=\"https:\/\/kinesitherapie-buchet.be\/index.php\/category\/non-classe\/\">Non class\u00e9<\/a> (1)\n<\/li>\n\t<li class=\"cat-item cat-item-9\"><a href=\"https:\/\/kinesitherapie-buchet.be\/index.php\/category\/nutrition\/\">Nutrition<\/a> (2)\n<\/li>\n\t<li class=\"cat-item cat-item-23\"><a href=\"https:\/\/kinesitherapie-buchet.be\/index.php\/category\/osteopathie\/\">Ost\u00e9opathie<\/a> (11)\n<ul class='children'>\n\t<li class=\"cat-item cat-item-26\"><a href=\"https:\/\/kinesitherapie-buchet.be\/index.php\/category\/osteopathie\/osteopathie-pediatrique\/\">Ost\u00e9opathie p\u00e9diatrique<\/a> (4)\n<\/li>\n<\/ul>\n<\/li>\n\t\t\t<\/ul>\n\n\t\t\t<\/nav>\t\t\t\t<\/div>\n\t\t\t\t<\/div>\n\t\t\t\t<\/div>\n\t\t\t\t<\/div>\n\t\t\t\t<\/div>\n\t\t","protected":false},"excerpt":{"rendered":"<p>ost\u00e9opathie p\u00e9diatrique Lorsque b\u00e9b\u00e9 : A des difficult\u00e9s \u00e0 t\u00e9ter ou avaler Regarde toujours du m\u00eame c\u00f4t\u00e9, voit son cr\u00e2ne\u00a0s\u2019aplatir, se d\u00e9former Pleure souvent et n\u2019arrive pas \u00e0 se calmer, a des probl\u00e8mes de sommeil et est tout le temps agit\u00e9 Se tient en forme de virgule, en torsion ou jette\u00a0r\u00e9guli\u00e8rement sa t\u00eate en arri\u00e8re [&hellip;]<\/p>\n","protected":false},"author":1,"featured_media":0,"parent":0,"menu_order":0,"comment_status":"closed","ping_status":"closed","template":"","meta":{"_monsterinsights_skip_tracking":false,"_monsterinsights_sitenote_active":false,"_monsterinsights_sitenote_note":"","_monsterinsights_sitenote_category":0,"footnotes":""},"class_list":["post-2162","page","type-page","status-publish","hentry"],"_links":{"self":[{"href":"https:\/\/kinesitherapie-buchet.be\/index.php\/wp-json\/wp\/v2\/pages\/2162","targetHints":{"allow":["GET"]}}],"collection":[{"href":"https:\/\/kinesitherapie-buchet.be\/index.php\/wp-json\/wp\/v2\/pages"}],"about":[{"href":"https:\/\/kinesitherapie-buchet.be\/index.php\/wp-json\/wp\/v2\/types\/page"}],"author":[{"embeddable":true,"href":"https:\/\/kinesitherapie-buchet.be\/index.php\/wp-json\/wp\/v2\/users\/1"}],"replies":[{"embeddable":true,"href":"https:\/\/kinesitherapie-buchet.be\/index.php\/wp-json\/wp\/v2\/comments?post=2162"}],"version-history":[{"count":34,"href":"https:\/\/kinesitherapie-buchet.be\/index.php\/wp-json\/wp\/v2\/pages\/2162\/revisions"}],"predecessor-version":[{"id":3716,"href":"https:\/\/kinesitherapie-buchet.be\/index.php\/wp-json\/wp\/v2\/pages\/2162\/revisions\/3716"}],"wp:attachment":[{"href":"https:\/\/kinesitherapie-buchet.be\/index.php\/wp-json\/wp\/v2\/media?parent=2162"}],"curies":[{"name":"wp","href":"https:\/\/api.w.org\/{rel}","templated":true}]}}