{"id":3384,"date":"2024-02-18T14:25:42","date_gmt":"2024-02-18T13:25:42","guid":{"rendered":"https:\/\/kinesitherapie-buchet.be\/?page_id=3384"},"modified":"2024-02-21T10:51:51","modified_gmt":"2024-02-21T09:51:51","slug":"osteovox","status":"publish","type":"page","link":"https:\/\/kinesitherapie-buchet.be\/index.php\/osteovox\/","title":{"rendered":"Osteovox"},"content":{"rendered":"\t\t<div data-elementor-type=\"wp-page\" data-elementor-id=\"3384\" class=\"elementor elementor-3384\" data-elementor-post-type=\"page\">\n\t\t\t\t<div class=\"elementor-element elementor-element-cff1f89 e-con-full e-flex e-con e-parent\" data-id=\"cff1f89\" data-element_type=\"container\" data-e-type=\"container\" data-settings=\"{&quot;background_background&quot;:&quot;classic&quot;}\">\n\t\t\t\t<\/div>\n\t\t<div class=\"elementor-element elementor-element-5ac6e5f e-con-full e-flex e-con e-parent\" data-id=\"5ac6e5f\" data-element_type=\"container\" data-e-type=\"container\" data-settings=\"{&quot;background_background&quot;:&quot;gradient&quot;}\">\n\t\t<div class=\"elementor-element elementor-element-af99435 e-con-full e-flex e-con e-child\" data-id=\"af99435\" data-element_type=\"container\" data-e-type=\"container\" data-settings=\"{&quot;background_background&quot;:&quot;classic&quot;}\">\n\t\t\t\t<div class=\"elementor-element elementor-element-2f8281b elementor-widget elementor-widget-text-editor\" data-id=\"2f8281b\" data-element_type=\"widget\" data-e-type=\"widget\" data-widget_type=\"text-editor.default\">\n\t\t\t\t<div class=\"elementor-widget-container\">\n\t\t\t\t\t\t\t\t\t<p>l&rsquo;ost\u00e9ovox<\/p>\t\t\t\t\t\t\t\t<\/div>\n\t\t\t\t<\/div>\n\t\t<div class=\"elementor-element elementor-element-0498470 e-con-full e-flex e-con e-child\" data-id=\"0498470\" data-element_type=\"container\" data-e-type=\"container\">\n\t\t<div class=\"elementor-element elementor-element-e1ca4f9 e-con-full e-flex e-con e-child\" data-id=\"e1ca4f9\" data-element_type=\"container\" data-e-type=\"container\">\n\t\t\t\t<div class=\"elementor-element elementor-element-7b89508 elementor-widget elementor-widget-text-editor\" data-id=\"7b89508\" data-element_type=\"widget\" data-e-type=\"widget\" data-widget_type=\"text-editor.default\">\n\t\t\t\t<div class=\"elementor-widget-container\">\n\t\t\t\t\t\t\t\t\t<p data-sourcepos=\"14:1-14:116\"><strong>Voici quelques questions que vous pouvez vous poser pour savoir si l&rsquo;ost\u00e9ovox est une bonne solution pour vous :<\/strong><\/p>\n\n<ul data-sourcepos=\"16:1-19:0\">\n \t<li >Avez-vous des probl\u00e8mes de sommeil, souvent la bouche s\u00e8che, des ronflements, une respiration buccale, des maux de t\u00eate au r\u00e9veil, des acouph\u00e8nes ou douleurs d&rsquo;oreille, des douleurs cervicales?<\/li>\n \t<li>Avez-vous des douleurs \u00e0 la m\u00e2choire, du bruxisme (grincer ou serrer les dents) ou des claquements de m\u00e2choire ?<\/li>\n \t<li>Avez-vous des d\u00e9viations dentaires, des troubles de l&rsquo;occlusion dentaire ?<\/li>\n \t<li>Votre b\u00e9b\u00e9 n&rsquo;arrive pas \u00e0 prendre le seins ?<\/li>\n \t<li >Avez-vous d\u00e9j\u00e0 essay\u00e9 d\u2019autres solutions sans succ\u00e8s ?<\/li>\n<\/ul>\n<\/br>\n<p> <strong>Si vous r\u00e9pondez oui \u00e0 une ou plusieurs de ces questions, l&rsquo;ost\u00e9ovox peut vous aider.<\/strong><\/span><\/p>\t\t\t\t\t\t\t\t<\/div>\n\t\t\t\t<\/div>\n\t\t\t\t<div class=\"elementor-element elementor-element-059169c elementor-widget elementor-widget-text-editor\" data-id=\"059169c\" data-element_type=\"widget\" data-e-type=\"widget\" data-widget_type=\"text-editor.default\">\n\t\t\t\t<div class=\"elementor-widget-container\">\n\t\t\t\t\t\t\t\t\t<div class=\"markdown markdown-main-panel ui-v2-enabled\" dir=\"ltr\"><p data-sourcepos=\"1:1-1:161\">L\u2019ost\u00e9ovox est une technique douce qui utilise des gestes pr\u00e9cis et un coaching adapt\u00e9 \u00e0 chacun.<\/p><p data-sourcepos=\"1:1-1:161\">C&rsquo;est apprendre par exemple au patient \u00e0 d\u00e9tendre sa m\u00e2choire, \u00e0 positionner sa langue, c&rsquo;est conseiller un mat\u00e9riel pr\u00e9ventif pour les probl\u00e8mes dentaires (d\u00e9viation dentaire, mauvaise occlusion) ou les apn\u00e9es du sommeil, les difficult\u00e9s respiratoires (si respiration buccale).<\/p><p data-sourcepos=\"5:1-5:73\"><strong>Voici quelques exemples de situations o\u00f9 l&rsquo;ost\u00e9ovox peut \u00eatre utile :<\/strong><\/p><ul data-sourcepos=\"7:1-11:0\"><li data-sourcepos=\"7:1-7:139\"><strong>Apn\u00e9e ou hypopn\u00e9e du sommeil :<\/strong> l&rsquo;osteovox peut diminuer aussi les maux de t\u00eate matinaux, la bouche s\u00e8che la nuit et le matin, la fatigue qui en r\u00e9sulte, et \u00e9viter le port d&rsquo;un CPAP \u00e0 vie !<\/li><li data-sourcepos=\"8:1-8:90\"><strong>D\u00e9viation dentaire, b\u00e9ance, trouble de la succion-d\u00e9glutition<\/strong> (allaitement), <strong>mastication-d\u00e9glutition :<\/strong> d\u00e8s le plus jeune \u00e2ge ! Plus vite c&rsquo;est pris en charge, meilleur peut \u00eatre le r\u00e9sultat.<\/li><li data-sourcepos=\"9:1-9:122\"><strong>Douleurs, craquements de m\u00e2choire\u00a0:<\/strong> l\u2019ost\u00e9ovox peut soulager les tensions musculaires et articulaires qui causent ces douleurs.<\/li><li data-sourcepos=\"10:1-11:0\"><strong>M\u00e2choire inf\u00e9rieure trop petite<\/strong><\/li><li data-sourcepos=\"10:1-11:0\"><strong>Syndrome de r\u00e9sistance accrue des voies respiratoires<\/strong> (causes et cons\u00e9quences : sinusite, grosses amygdales, apn\u00e9e et dyspn\u00e9e du sommeil, v\u00e9g\u00e9tations, otites, vertiges, &#8230;)<\/li><li data-sourcepos=\"10:1-11:0\"><strong>cervicalgies, n\u00e9vralgies cervico-brachiales, n\u00e9vralgies de la face\u2026<\/strong><\/li><\/ul><p>\u00a0<\/p><p>On envisagera une prise en charge pluridisciplinaire avec dentiste, orthodontiste, occlusodontise, logop\u00e8de&#8230;<\/p><p data-sourcepos=\"12:1-12:110\"><strong>L&rsquo;ost\u00e9ovox est une technique douce et naturelle qui peut \u00eatre utilis\u00e9e par tous, des enfants aux adultes.<\/strong><\/p><p data-sourcepos=\"30:1-30:65\"><strong>N&rsquo;h\u00e9sitez pas \u00e0 me contacter si vous avez d&rsquo;autres questions.<\/strong><\/p><\/div>\t\t\t\t\t\t\t\t<\/div>\n\t\t\t\t<\/div>\n\t\t\t\t<\/div>\n\t\t\t\t<\/div>\n\t\t\t\t<\/div>\n\t\t\t\t<\/div>\n\t\t\t\t<\/div>\n\t\t","protected":false},"excerpt":{"rendered":"<p>l&rsquo;ost\u00e9ovox Voici quelques questions que vous pouvez vous poser pour savoir si l&rsquo;ost\u00e9ovox est une bonne solution pour vous : Avez-vous des probl\u00e8mes de sommeil, souvent la bouche s\u00e8che, des ronflements, une respiration buccale, des maux de t\u00eate au r\u00e9veil, des acouph\u00e8nes ou douleurs d&rsquo;oreille, des douleurs cervicales? Avez-vous des douleurs \u00e0 la m\u00e2choire, du [&hellip;]<\/p>\n","protected":false},"author":1,"featured_media":0,"parent":0,"menu_order":0,"comment_status":"closed","ping_status":"closed","template":"","meta":{"_monsterinsights_skip_tracking":false,"_monsterinsights_sitenote_active":false,"_monsterinsights_sitenote_note":"","_monsterinsights_sitenote_category":0,"footnotes":""},"class_list":["post-3384","page","type-page","status-publish","hentry"],"_links":{"self":[{"href":"https:\/\/kinesitherapie-buchet.be\/index.php\/wp-json\/wp\/v2\/pages\/3384","targetHints":{"allow":["GET"]}}],"collection":[{"href":"https:\/\/kinesitherapie-buchet.be\/index.php\/wp-json\/wp\/v2\/pages"}],"about":[{"href":"https:\/\/kinesitherapie-buchet.be\/index.php\/wp-json\/wp\/v2\/types\/page"}],"author":[{"embeddable":true,"href":"https:\/\/kinesitherapie-buchet.be\/index.php\/wp-json\/wp\/v2\/users\/1"}],"replies":[{"embeddable":true,"href":"https:\/\/kinesitherapie-buchet.be\/index.php\/wp-json\/wp\/v2\/comments?post=3384"}],"version-history":[{"count":24,"href":"https:\/\/kinesitherapie-buchet.be\/index.php\/wp-json\/wp\/v2\/pages\/3384\/revisions"}],"predecessor-version":[{"id":3415,"href":"https:\/\/kinesitherapie-buchet.be\/index.php\/wp-json\/wp\/v2\/pages\/3384\/revisions\/3415"}],"wp:attachment":[{"href":"https:\/\/kinesitherapie-buchet.be\/index.php\/wp-json\/wp\/v2\/media?parent=3384"}],"curies":[{"name":"wp","href":"https:\/\/api.w.org\/{rel}","templated":true}]}}